{"id":115,"date":"2024-08-06T15:14:47","date_gmt":"2024-08-06T15:14:47","guid":{"rendered":"https:\/\/kalchbrenner.com\/?page_id=115"},"modified":"2024-08-06T17:16:07","modified_gmt":"2024-08-06T17:16:07","slug":"impressum","status":"publish","type":"page","link":"https:\/\/kalchbrenner.com\/?page_id=115","title":{"rendered":"IMPRESSUM"},"content":{"rendered":"\n<h2 class=\"wp-block-heading\">IMPRESSUM<\/h2>\n\n\n\n<p><\/p>\n\n\n\n<p class=\"has-text-align-center\">KALCHBRENNER IT-Dienstleistung Gmbh<br>Inhaber des Unternehmens: Wolfgang Kalchbrenner<br>Obere Bahnzeile 9<br>7400 Oberwart<br>\u00d6sterreich<br>E-Mail-Adresse:&nbsp;<a href=\"http:\">office@kalchbrenner.com<\/a><br>Telefonnummer: +43 3352 32718<br>Gerichtsstand: BG Oberwart<\/p>\n\n\n\n<p class=\"has-text-align-center\">Verantwortlich f\u00fcr den Inhalt: Wolfgang Kalchbrenner<\/p>\n\n\n\n<p class=\"has-text-align-center\">Plattform der Europ\u00e4ischen Kommission zur Online-Streitbeilegung (OS) f\u00fcr Verbraucher: https:\/\/ec.europa.eu\/consumers\/odr\/. Wir sind nicht bereit und nicht verpflichtet an einem Streitbeilegungsverfahren vor einer Verbraucherschlichtungsstelle teilzunehmen.<\/p>\n","protected":false},"excerpt":{"rendered":"<p>IMPRESSUM KALCHBRENNER IT-Dienstleistung GmbhInhaber des Unternehmens: Wolfgang KalchbrennerObere Bahnzeile 97400 Oberwart\u00d6sterreichE-Mail-Adresse:&nbsp;office@kalchbrenner.comTelefonnummer: +43 3352 32718Gerichtsstand: BG Oberwart Verantwortlich f\u00fcr den Inhalt: Wolfgang Kalchbrenner Plattform der Europ\u00e4ischen Kommission zur Online-Streitbeilegung (OS) f\u00fcr&hellip;<\/p>\n","protected":false},"author":1,"featured_media":0,"parent":0,"menu_order":0,"comment_status":"closed","ping_status":"closed","template":"","meta":{"footnotes":""},"class_list":["post-115","page","type-page","status-publish","hentry"],"yoast_head":"<!-- This site is optimized with the Yoast SEO plugin v23.4 - https:\/\/yoast.com\/wordpress\/plugins\/seo\/ -->\n<title>IMPRESSUM - IT-Dienstleitung<\/title>\n<meta name=\"description\" content=\"Impressum\" \/>\n<meta name=\"robots\" content=\"index, follow, max-snippet:-1, max-image-preview:large, max-video-preview:-1\" \/>\n<link rel=\"canonical\" href=\"https:\/\/kalchbrenner.com\/?page_id=115\" \/>\n<meta property=\"og:locale\" content=\"de_DE\" \/>\n<meta property=\"og:type\" content=\"article\" \/>\n<meta property=\"og:title\" content=\"IMPRESSUM - IT-Dienstleitung\" \/>\n<meta property=\"og:description\" content=\"Impressum\" \/>\n<meta property=\"og:url\" content=\"https:\/\/kalchbrenner.com\/?page_id=115\" \/>\n<meta property=\"og:site_name\" content=\"IT-Dienstleitung\" \/>\n<meta property=\"article:modified_time\" content=\"2024-08-06T17:16:07+00:00\" \/>\n<meta name=\"twitter:card\" content=\"summary_large_image\" \/>\n<meta name=\"twitter:label1\" content=\"Gesch\u00e4tzte Lesezeit\" \/>\n\t<meta name=\"twitter:data1\" content=\"1\u00a0Minute\" \/>\n<script type=\"application\/ld+json\" class=\"yoast-schema-graph\">{\"@context\":\"https:\/\/schema.org\",\"@graph\":[{\"@type\":\"WebPage\",\"@id\":\"https:\/\/kalchbrenner.com\/?page_id=115\",\"url\":\"https:\/\/kalchbrenner.com\/?page_id=115\",\"name\":\"IMPRESSUM - IT-Dienstleitung\",\"isPartOf\":{\"@id\":\"https:\/\/kalchbrenner.com\/#website\"},\"datePublished\":\"2024-08-06T15:14:47+00:00\",\"dateModified\":\"2024-08-06T17:16:07+00:00\",\"description\":\"Impressum\",\"breadcrumb\":{\"@id\":\"https:\/\/kalchbrenner.com\/?page_id=115#breadcrumb\"},\"inLanguage\":\"de\",\"potentialAction\":[{\"@type\":\"ReadAction\",\"target\":[\"https:\/\/kalchbrenner.com\/?page_id=115\"]}]},{\"@type\":\"BreadcrumbList\",\"@id\":\"https:\/\/kalchbrenner.com\/?page_id=115#breadcrumb\",\"itemListElement\":[{\"@type\":\"ListItem\",\"position\":1,\"name\":\"Startseite\",\"item\":\"https:\/\/kalchbrenner.com\/\"},{\"@type\":\"ListItem\",\"position\":2,\"name\":\"IMPRESSUM\"}]},{\"@type\":\"WebSite\",\"@id\":\"https:\/\/kalchbrenner.com\/#website\",\"url\":\"https:\/\/kalchbrenner.com\/\",\"name\":\"IT-Dienstleitung\",\"description\":\"\",\"publisher\":{\"@id\":\"https:\/\/kalchbrenner.com\/#organization\"},\"potentialAction\":[{\"@type\":\"SearchAction\",\"target\":{\"@type\":\"EntryPoint\",\"urlTemplate\":\"https:\/\/kalchbrenner.com\/?s={search_term_string}\"},\"query-input\":{\"@type\":\"PropertyValueSpecification\",\"valueRequired\":true,\"valueName\":\"search_term_string\"}}],\"inLanguage\":\"de\"},{\"@type\":\"Organization\",\"@id\":\"https:\/\/kalchbrenner.com\/#organization\",\"name\":\"IT-Dienstleitung\",\"url\":\"https:\/\/kalchbrenner.com\/\",\"logo\":{\"@type\":\"ImageObject\",\"inLanguage\":\"de\",\"@id\":\"https:\/\/kalchbrenner.com\/#\/schema\/logo\/image\/\",\"url\":\"https:\/\/kalchbrenner.com\/wp-content\/uploads\/2024\/07\/cropped-Logo_Kalchbenner.jpg\",\"contentUrl\":\"https:\/\/kalchbrenner.com\/wp-content\/uploads\/2024\/07\/cropped-Logo_Kalchbenner.jpg\",\"width\":2115,\"height\":590,\"caption\":\"IT-Dienstleitung\"},\"image\":{\"@id\":\"https:\/\/kalchbrenner.com\/#\/schema\/logo\/image\/\"}}]}<\/script>\n<!-- \/ Yoast SEO plugin. -->","yoast_head_json":{"title":"IMPRESSUM - IT-Dienstleitung","description":"Impressum","robots":{"index":"index","follow":"follow","max-snippet":"max-snippet:-1","max-image-preview":"max-image-preview:large","max-video-preview":"max-video-preview:-1"},"canonical":"https:\/\/kalchbrenner.com\/?page_id=115","og_locale":"de_DE","og_type":"article","og_title":"IMPRESSUM - IT-Dienstleitung","og_description":"Impressum","og_url":"https:\/\/kalchbrenner.com\/?page_id=115","og_site_name":"IT-Dienstleitung","article_modified_time":"2024-08-06T17:16:07+00:00","twitter_card":"summary_large_image","twitter_misc":{"Gesch\u00e4tzte Lesezeit":"1\u00a0Minute"},"schema":{"@context":"https:\/\/schema.org","@graph":[{"@type":"WebPage","@id":"https:\/\/kalchbrenner.com\/?page_id=115","url":"https:\/\/kalchbrenner.com\/?page_id=115","name":"IMPRESSUM - IT-Dienstleitung","isPartOf":{"@id":"https:\/\/kalchbrenner.com\/#website"},"datePublished":"2024-08-06T15:14:47+00:00","dateModified":"2024-08-06T17:16:07+00:00","description":"Impressum","breadcrumb":{"@id":"https:\/\/kalchbrenner.com\/?page_id=115#breadcrumb"},"inLanguage":"de","potentialAction":[{"@type":"ReadAction","target":["https:\/\/kalchbrenner.com\/?page_id=115"]}]},{"@type":"BreadcrumbList","@id":"https:\/\/kalchbrenner.com\/?page_id=115#breadcrumb","itemListElement":[{"@type":"ListItem","position":1,"name":"Startseite","item":"https:\/\/kalchbrenner.com\/"},{"@type":"ListItem","position":2,"name":"IMPRESSUM"}]},{"@type":"WebSite","@id":"https:\/\/kalchbrenner.com\/#website","url":"https:\/\/kalchbrenner.com\/","name":"IT-Dienstleitung","description":"","publisher":{"@id":"https:\/\/kalchbrenner.com\/#organization"},"potentialAction":[{"@type":"SearchAction","target":{"@type":"EntryPoint","urlTemplate":"https:\/\/kalchbrenner.com\/?s={search_term_string}"},"query-input":{"@type":"PropertyValueSpecification","valueRequired":true,"valueName":"search_term_string"}}],"inLanguage":"de"},{"@type":"Organization","@id":"https:\/\/kalchbrenner.com\/#organization","name":"IT-Dienstleitung","url":"https:\/\/kalchbrenner.com\/","logo":{"@type":"ImageObject","inLanguage":"de","@id":"https:\/\/kalchbrenner.com\/#\/schema\/logo\/image\/","url":"https:\/\/kalchbrenner.com\/wp-content\/uploads\/2024\/07\/cropped-Logo_Kalchbenner.jpg","contentUrl":"https:\/\/kalchbrenner.com\/wp-content\/uploads\/2024\/07\/cropped-Logo_Kalchbenner.jpg","width":2115,"height":590,"caption":"IT-Dienstleitung"},"image":{"@id":"https:\/\/kalchbrenner.com\/#\/schema\/logo\/image\/"}}]}},"_links":{"self":[{"href":"https:\/\/kalchbrenner.com\/index.php?rest_route=\/wp\/v2\/pages\/115","targetHints":{"allow":["GET"]}}],"collection":[{"href":"https:\/\/kalchbrenner.com\/index.php?rest_route=\/wp\/v2\/pages"}],"about":[{"href":"https:\/\/kalchbrenner.com\/index.php?rest_route=\/wp\/v2\/types\/page"}],"author":[{"embeddable":true,"href":"https:\/\/kalchbrenner.com\/index.php?rest_route=\/wp\/v2\/users\/1"}],"replies":[{"embeddable":true,"href":"https:\/\/kalchbrenner.com\/index.php?rest_route=%2Fwp%2Fv2%2Fcomments&post=115"}],"version-history":[{"count":5,"href":"https:\/\/kalchbrenner.com\/index.php?rest_route=\/wp\/v2\/pages\/115\/revisions"}],"predecessor-version":[{"id":184,"href":"https:\/\/kalchbrenner.com\/index.php?rest_route=\/wp\/v2\/pages\/115\/revisions\/184"}],"wp:attachment":[{"href":"https:\/\/kalchbrenner.com\/index.php?rest_route=%2Fwp%2Fv2%2Fmedia&parent=115"}],"curies":[{"name":"wp","href":"https:\/\/api.w.org\/{rel}","templated":true}]}}